{"id":251,"date":"2018-06-09T08:58:51","date_gmt":"2018-06-09T08:58:51","guid":{"rendered":"http:\/\/fenyveshotel.hu\/?page_id=251"},"modified":"2025-02-14T13:14:11","modified_gmt":"2025-02-14T12:14:11","slug":"konferencia","status":"publish","type":"page","link":"https:\/\/fenyveshotel.hu\/en\/konferencia\/","title":{"rendered":"Konferencia"},"content":{"rendered":"<p>[et_pb_section bb_built=&#8221;1&#8243; _builder_version=&#8221;3.4.1&#8243; background_color=&#8221;#f3efdd&#8221;][et_pb_row][et_pb_column type=&#8221;4_4&#8243;][et_pb_text _builder_version=&#8221;3.4.1&#8243;]<\/p>\n<h1 style=\"text-align: center;\">Konferenciatermeink<\/h1>\n<p style=\"text-align: justify;\">\u00c1llunk rendelkez\u00e9s\u00e9re, amennyiben konferenci\u00e1j\u00e1t, term\u00e9kbemutat\u00f3j\u00e1t Hotel\u00fcnkben k\u00edv\u00e1nja megtartani. D\u00edmentes parkol\u00e1st biztos\u00edtunk, valamint \u00f6sszes term\u00fcnk klimatiz\u00e1lt, projektorral \u00e9s vet\u00edt\u0151v\u00e1szonnal, flip-chart t\u00e1bl\u00e1val felszerelt, illetve Wi-Fi internet biztos\u00edtott.<\/p>\n<p>[\/et_pb_text][\/et_pb_column][\/et_pb_row][et_pb_row _builder_version=&#8221;3.4.1&#8243; module_class=&#8221;poly-icons-01&#8243; module_class_1=&#8221;blurb_3 et_pb_animation_left et-animated et-waypoint&#8221;][et_pb_column type=&#8221;1_3&#8243;][et_pb_image _builder_version=&#8221;3.4.1&#8243; src=&#8221;https:\/\/fenyveshotel.hu\/wp-content\/uploads\/2018\/06\/garzon.jpg&#8221; box_shadow_style=&#8221;preset1&#8243; border_radii=&#8221;on|10px|10px|10px|10px&#8221; \/][et_pb_blurb _builder_version=&#8221;3.4.1&#8243; title=&#8221;Garzon terem&#8221; text_orientation=&#8221;center&#8221; \/][et_pb_text _builder_version=&#8221;3.4.1&#8243;]<\/p>\n<p style=\"text-align: center;\"><strong>Kapacit\u00e1s:<\/strong><br \/>\nmoziszer\u0171en berendezve 120 f\u0151<br \/>\nU alakos asztal elrendez\u00e9ssel 80 f\u0151<br \/>\nk\u00f6rasztalos elrendez\u00e9ssel 66 f\u0151<\/p>\n<p style=\"text-align: center;\">120 nm<span style=\"font-size: 11.6667px;\">.<\/span>\u00a0t\u00e9glalap alak\u00fa alapter\u00fclet<br \/>\nterm\u00e9szetes megvil\u00e1g\u00edt\u00e1s\u00fa<\/p>\n<p>[\/et_pb_text][\/et_pb_column][et_pb_column type=&#8221;1_3&#8243;][et_pb_image _builder_version=&#8221;3.4.1&#8243; src=&#8221;https:\/\/fenyveshotel.hu\/wp-content\/uploads\/2018\/06\/fenyves.jpg&#8221; box_shadow_style=&#8221;preset1&#8243; border_radii=&#8221;on|10px|10px|10px|10px&#8221; \/][et_pb_blurb _builder_version=&#8221;3.4.1&#8243; title=&#8221;Fenyves terem&#8221; text_orientation=&#8221;center&#8221; \/][et_pb_text _builder_version=&#8221;3.4.1&#8243;]<\/p>\n<p style=\"text-align: center;\"><strong>Kapacit\u00e1s:<\/strong><br \/>\n30 f\u0151<\/p>\n<p style=\"text-align: center;\">term\u00e9szetes megvil\u00e1g\u00edt\u00e1s<br \/>\nf\u00e9lk\u00f6r alak\u00fa alapter\u00fclet<br \/>\nsaj\u00e1t terasz<\/p>\n<p>[\/et_pb_text][\/et_pb_column][et_pb_column type=&#8221;1_3&#8243;][et_pb_image _builder_version=&#8221;3.4.1&#8243; src=&#8221;https:\/\/fenyveshotel.hu\/wp-content\/uploads\/2018\/06\/angol.jpg&#8221; box_shadow_style=&#8221;preset1&#8243; border_radii=&#8221;on|10px|10px|10px|10px&#8221; \/][et_pb_blurb _builder_version=&#8221;3.4.1&#8243; title=&#8221;Angol terem&#8221; text_orientation=&#8221;center&#8221; \/][et_pb_text _builder_version=&#8221;3.4.1&#8243;]<\/p>\n<p style=\"text-align: center;\"><strong>Kapacit\u00e1s:<\/strong><br \/>\n30 f\u0151<\/p>\n<p style=\"text-align: center;\">t\u00e9glalap alak\u00fa alapter\u00fclet<br \/>\nterm\u00e9szetes megvil\u00e1g\u00edt\u00e1s<\/p>\n<p>[\/et_pb_text][\/et_pb_column][\/et_pb_row][et_pb_row][et_pb_column type=&#8221;4_4&#8243;][et_pb_button _builder_version=&#8221;3.4.1&#8243; button_text=&#8221;Aj\u00e1nlatk\u00e9r\u00e9s&#8221; button_url=&#8221;https:\/\/fenyveshotel.hu\/ajanlatkeres\/&#8221; button_alignment=&#8221;center&#8221; \/][et_pb_text _builder_version=&#8221;3.4.1&#8243;]<\/p>\n<h1 style=\"text-align: center;\">Kapcsol\u00f3d\u00f3 gal\u00e9ria<\/h1>\n<p>[\/et_pb_text][et_pb_code _builder_version=&#8221;3.4.1&#8243;]<div id=\"jig1\" class=\"justified-image-grid jig-9c581243fe25fa4f38d7f1251ea4415b jig-preset-global jig-source-wp-gallery\"><div class=\"jig-clearfix\"><\/div><noscript id=\"jig1-html\" class=\"justified-image-grid-html\" data-lazy-src=\"skiplazyload\" data-src=\"skipunveillazyload\"><ul><li><a href=\"https:\/\/fenyveshotel.hu\/wp-content\/uploads\/2018\/06\/01_garzon_02-1024x768.jpg\"><img loading=\"lazy\" decoding=\"async\" src=\"https:\/\/fenyveshotel.hu\/wp-content\/plugins\/justified-image-grid\/timthumb.php?src=https%3A%2F%2Ffenyveshotel.hu%2Fwp-content%2Fuploads%2F2018%2F06%2F01_garzon_02-1024x768.jpg&amp;h=580&amp;q=95&amp;f=.jpg\" alt=\"\" width=\"773\" height=\"580\" \/><\/a><\/li><li><a href=\"https:\/\/fenyveshotel.hu\/wp-content\/uploads\/2018\/06\/01_garzon_03-1024x768.jpg\"><img loading=\"lazy\" decoding=\"async\" src=\"https:\/\/fenyveshotel.hu\/wp-content\/plugins\/justified-image-grid\/timthumb.php?src=https%3A%2F%2Ffenyveshotel.hu%2Fwp-content%2Fuploads%2F2018%2F06%2F01_garzon_03-1024x768.jpg&amp;h=580&amp;q=95&amp;f=.jpg\" alt=\"\" width=\"773\" height=\"580\" \/><\/a><\/li><li><a href=\"https:\/\/fenyveshotel.hu\/wp-content\/uploads\/2018\/06\/02_fenyves_01-1024x617.jpg\"><img loading=\"lazy\" decoding=\"async\" src=\"https:\/\/fenyveshotel.hu\/wp-content\/plugins\/justified-image-grid\/timthumb.php?src=https%3A%2F%2Ffenyveshotel.hu%2Fwp-content%2Fuploads%2F2018%2F06%2F02_fenyves_01-1024x617.jpg&amp;h=580&amp;q=95&amp;f=.jpg\" alt=\"\" width=\"962\" height=\"580\" \/><\/a><\/li><li><a href=\"https:\/\/fenyveshotel.hu\/wp-content\/uploads\/2018\/06\/02_fenyves_02-1024x617.jpg\"><img loading=\"lazy\" decoding=\"async\" src=\"https:\/\/fenyveshotel.hu\/wp-content\/plugins\/justified-image-grid\/timthumb.php?src=https%3A%2F%2Ffenyveshotel.hu%2Fwp-content%2Fuploads%2F2018%2F06%2F02_fenyves_02-1024x617.jpg&amp;h=580&amp;q=95&amp;f=.jpg\" alt=\"\" width=\"962\" height=\"580\" \/><\/a><\/li><li><a href=\"https:\/\/fenyveshotel.hu\/wp-content\/uploads\/2018\/06\/02_fenyves_03-1024x768.jpg\"><img loading=\"lazy\" decoding=\"async\" src=\"https:\/\/fenyveshotel.hu\/wp-content\/plugins\/justified-image-grid\/timthumb.php?src=https%3A%2F%2Ffenyveshotel.hu%2Fwp-content%2Fuploads%2F2018%2F06%2F02_fenyves_03-1024x768.jpg&amp;h=580&amp;q=95&amp;f=.jpg\" alt=\"\" width=\"773\" height=\"580\" \/><\/a><\/li><li><a href=\"https:\/\/fenyveshotel.hu\/wp-content\/uploads\/2018\/06\/02_fenyves_04-1024x768.jpg\"><img loading=\"lazy\" decoding=\"async\" src=\"https:\/\/fenyveshotel.hu\/wp-content\/plugins\/justified-image-grid\/timthumb.php?src=https%3A%2F%2Ffenyveshotel.hu%2Fwp-content%2Fuploads%2F2018%2F06%2F02_fenyves_04-1024x768.jpg&amp;h=580&amp;q=95&amp;f=.jpg\" alt=\"\" width=\"773\" height=\"580\" \/><\/a><\/li><li><a href=\"https:\/\/fenyveshotel.hu\/wp-content\/uploads\/2018\/06\/02_fenyves_05-1024x768.jpg\"><img loading=\"lazy\" decoding=\"async\" src=\"https:\/\/fenyveshotel.hu\/wp-content\/plugins\/justified-image-grid\/timthumb.php?src=https%3A%2F%2Ffenyveshotel.hu%2Fwp-content%2Fuploads%2F2018%2F06%2F02_fenyves_05-1024x768.jpg&amp;h=580&amp;q=95&amp;f=.jpg\" alt=\"\" width=\"773\" height=\"580\" \/><\/a><\/li><li><a href=\"https:\/\/fenyveshotel.hu\/wp-content\/uploads\/2018\/06\/03_angol_01-1024x617.jpg\"><img loading=\"lazy\" decoding=\"async\" src=\"https:\/\/fenyveshotel.hu\/wp-content\/plugins\/justified-image-grid\/timthumb.php?src=https%3A%2F%2Ffenyveshotel.hu%2Fwp-content%2Fuploads%2F2018%2F06%2F03_angol_01-1024x617.jpg&amp;h=580&amp;q=95&amp;f=.jpg\" alt=\"\" width=\"962\" height=\"580\" \/><\/a><\/li><li><a href=\"https:\/\/fenyveshotel.hu\/wp-content\/uploads\/2018\/06\/03_angol_02-1024x617.jpg\"><img loading=\"lazy\" decoding=\"async\" src=\"https:\/\/fenyveshotel.hu\/wp-content\/plugins\/justified-image-grid\/timthumb.php?src=https%3A%2F%2Ffenyveshotel.hu%2Fwp-content%2Fuploads%2F2018%2F06%2F03_angol_02-1024x617.jpg&amp;h=580&amp;q=95&amp;f=.jpg\" alt=\"\" width=\"962\" height=\"580\" \/><\/a><\/li><li><a href=\"https:\/\/fenyveshotel.hu\/wp-content\/uploads\/2018\/06\/03_angol_03.jpg\" title=\"03_angol_03\"><img loading=\"lazy\" decoding=\"async\" src=\"https:\/\/fenyveshotel.hu\/wp-content\/plugins\/justified-image-grid\/timthumb.php?src=https%3A%2F%2Ffenyveshotel.hu%2Fwp-content%2Fuploads%2F2018%2F06%2F03_angol_03.jpg&amp;h=580&amp;q=95&amp;f=.jpg\" alt=\"03_angol_03\" width=\"773\" height=\"580\" \/><\/a><p class=\"jig-HTMLdescription\">03_angol_03<\/p><\/li><li><a href=\"https:\/\/fenyveshotel.hu\/wp-content\/uploads\/2018\/06\/03_angol_04-1024x576.jpg\"><img loading=\"lazy\" decoding=\"async\" src=\"https:\/\/fenyveshotel.hu\/wp-content\/plugins\/justified-image-grid\/timthumb.php?src=https%3A%2F%2Ffenyveshotel.hu%2Fwp-content%2Fuploads%2F2018%2F06%2F03_angol_04-1024x576.jpg&amp;h=580&amp;q=95&amp;f=.jpg\" alt=\"\" width=\"1031\" height=\"580\" \/><\/a><\/li><li><a href=\"https:\/\/fenyveshotel.hu\/wp-content\/uploads\/2018\/06\/03_angol_05-1024x576.jpg\"><img loading=\"lazy\" decoding=\"async\" src=\"https:\/\/fenyveshotel.hu\/wp-content\/plugins\/justified-image-grid\/timthumb.php?src=https%3A%2F%2Ffenyveshotel.hu%2Fwp-content%2Fuploads%2F2018%2F06%2F03_angol_05-1024x576.jpg&amp;h=580&amp;q=95&amp;f=.jpg\" alt=\"\" width=\"1031\" height=\"580\" \/><\/a><\/li><li><a href=\"https:\/\/fenyveshotel.hu\/wp-content\/uploads\/2018\/06\/03_angol_06-1024x617.jpg\"><img loading=\"lazy\" decoding=\"async\" src=\"https:\/\/fenyveshotel.hu\/wp-content\/plugins\/justified-image-grid\/timthumb.php?src=https%3A%2F%2Ffenyveshotel.hu%2Fwp-content%2Fuploads%2F2018%2F06%2F03_angol_06-1024x617.jpg&amp;h=580&amp;q=95&amp;f=.jpg\" alt=\"\" width=\"962\" height=\"580\" \/><\/a><\/li><\/ul><\/noscript><\/div>[\/et_pb_code][\/et_pb_column][\/et_pb_row][\/et_pb_section]<\/p>\n","protected":false},"excerpt":{"rendered":"<p><div class=\"et_pb_row et_pb_row_0 et_pb_row_empty\">\n\t\t\t\t\n\t\t\t\t\n\t\t\t\t\n\t\t\t\t\n\t\t\t\t\n\t\t\t<\/div> Konferenciatermeink \u00c1llunk rendelkez\u00e9s\u00e9re, amennyiben konferenci\u00e1j\u00e1t, term\u00e9kbemutat\u00f3j\u00e1t Hotel\u00fcnkben k\u00edv\u00e1nja megtartani. D\u00edmentes parkol\u00e1st biztos\u00edtunk, valamint \u00f6sszes term\u00fcnk klimatiz\u00e1lt, projektorral \u00e9s vet\u00edt\u0151v\u00e1szonnal, flip-chart t\u00e1bl\u00e1val felszerelt, illetve Wi-Fi internet biztos\u00edtott. Kapacit\u00e1s: moziszer\u0171en berendezve 120 f\u0151 U alakos asztal elrendez\u00e9ssel 80 f\u0151 k\u00f6rasztalos elrendez\u00e9ssel 66 f\u0151 120 nm.\u00a0t\u00e9glalap alak\u00fa alapter\u00fclet term\u00e9szetes megvil\u00e1g\u00edt\u00e1s\u00fa Kapacit\u00e1s: 30 f\u0151 term\u00e9szetes megvil\u00e1g\u00edt\u00e1s f\u00e9lk\u00f6r alak\u00fa [&hellip;]<\/p>\n","protected":false},"author":1,"featured_media":0,"parent":0,"menu_order":0,"comment_status":"closed","ping_status":"closed","template":"","meta":{"_seopress_robots_primary_cat":"","_seopress_titles_title":"","_seopress_titles_desc":"Konferenciatermeink ; Garzon terem \u00b7 moziszer\u0171en berendezve 120 f\u0151. U alakos asztal elrendez\u00e9ssel 80 f\u0151 k\u00f6rasztalos elrendez\u00e9ssel 66 f\u0151. 120 nm.","_seopress_robots_index":"","_et_pb_use_builder":"on","_et_pb_old_content":"","_et_gb_content_width":"","ngg_post_thumbnail":0,"iawp_total_views":225,"footnotes":""},"class_list":["post-251","page","type-page","status-publish","hentry"],"_links":{"self":[{"href":"https:\/\/fenyveshotel.hu\/en\/wp-json\/wp\/v2\/pages\/251","targetHints":{"allow":["GET"]}}],"collection":[{"href":"https:\/\/fenyveshotel.hu\/en\/wp-json\/wp\/v2\/pages"}],"about":[{"href":"https:\/\/fenyveshotel.hu\/en\/wp-json\/wp\/v2\/types\/page"}],"author":[{"embeddable":true,"href":"https:\/\/fenyveshotel.hu\/en\/wp-json\/wp\/v2\/users\/1"}],"replies":[{"embeddable":true,"href":"https:\/\/fenyveshotel.hu\/en\/wp-json\/wp\/v2\/comments?post=251"}],"version-history":[{"count":1,"href":"https:\/\/fenyveshotel.hu\/en\/wp-json\/wp\/v2\/pages\/251\/revisions"}],"predecessor-version":[{"id":2413,"href":"https:\/\/fenyveshotel.hu\/en\/wp-json\/wp\/v2\/pages\/251\/revisions\/2413"}],"wp:attachment":[{"href":"https:\/\/fenyveshotel.hu\/en\/wp-json\/wp\/v2\/media?parent=251"}],"curies":[{"name":"wp","href":"https:\/\/api.w.org\/{rel}","templated":true}]}}