{"id":2302,"date":"2018-05-31T18:10:49","date_gmt":"2018-05-31T16:10:49","guid":{"rendered":"https:\/\/fenyveshotel.hu\/csomagok\/"},"modified":"2026-01-20T13:45:40","modified_gmt":"2026-01-20T12:45:40","slug":"packages","status":"publish","type":"page","link":"https:\/\/fenyveshotel.hu\/en\/packages\/","title":{"rendered":"Packages"},"content":{"rendered":"<p>[et_pb_section fb_built=&#8221;1&#8243; admin_label=&#8221;Wellness kikapcsol\u00f3d\u00e1s a viharsarokban aj\u00e1nd\u00e9kkal&#8221; _builder_version=&#8221;4.16&#8243; background_color=&#8221;#f3efdd&#8221; collapsed=&#8221;on&#8221; global_colors_info=&#8221;{}&#8221;][et_pb_row column_structure=&#8221;2_3,1_3&#8243; admin_label=&#8221;Csomag le\u00edr\u00e1s&#8221; _builder_version=&#8221;4.16&#8243; background_size=&#8221;initial&#8221; background_position=&#8221;top_left&#8221; background_repeat=&#8221;repeat&#8221; collapsed=&#8221;on&#8221; global_colors_info=&#8221;{}&#8221;][et_pb_column type=&#8221;2_3&#8243; _builder_version=&#8221;4.16&#8243; custom_padding=&#8221;|||&#8221; global_colors_info=&#8221;{}&#8221; custom_padding__hover=&#8221;|||&#8221;][et_pb_text _builder_version=&#8221;4.22.1&#8243; global_colors_info=&#8221;{}&#8221;]<\/p>\n<h1 style=\"text-align: center;\"><span style=\"color: #993300;\">Wellness relaxation in the stormy mountains <\/span><\/h1>\n<h1 style=\"text-align: center;\"><span style=\"color: #993300;\">with a gift<\/span><\/h1>\n<h3 style=\"text-align: center;\">for a minimum stay of 4 nights<\/h3>\n<h3 style=\"text-align: center;\">&#8211; exception<span style=\"color: #e02b20;\"> 2026. october 22-25.<\/span><\/h3>\n<h3 style=\"text-align: center;\">.<\/h3>\n<h3 style=\"text-align: center;\">\u00a0<\/h3>\n<p><strong>Contents of the package:<\/strong><\/p>\n<p>Accommodation with breakfast, wellness for a minimum of 4 nights<br \/>Half board with choice of half board menu. <strong>Meals can be served in two parts, e.g. soup, dessert from 13:00 to 15:00, main course from 18:00 to 20:30 ( Sunday 16:00 to 17:30 ).<\/strong><br \/>Wellness services from 8:00 a.m. to 10:00 p.m. (infra sauna, Finnish sauna, indoor swimming pool, indoor children&#8217;s pool, Kneipp treading pool, whirlpool<br \/>Free use of tennis courts, rackets and balls available on request<br \/>Free parking<br \/>Free unlimited Wi-Fi internet access.<br \/>1 piece of kular and thick sausage per room free of charge.<\/p>\n<p>Discounts for children:<\/p>\n<p>First child under 4 years free, under 11 years 12.500 Ft \/ child \/ night in parents&#8217; room.<br \/>Second child under 10 years (under 11 years) 12.500 Ft \/ child \/ night in parents&#8217; room.<br \/>The package price does not include IFA, which is 400.- HUF \/ person \/ night for children over 18 years.<br \/>Early arrival and late departure possible by prior arrangement.<\/p>\n<div><\/div>\n<p>[\/et_pb_text][\/et_pb_column][et_pb_column type=&#8221;1_3&#8243; _builder_version=&#8221;4.16&#8243; custom_padding=&#8221;|||&#8221; global_colors_info=&#8221;{}&#8221; custom_padding__hover=&#8221;|||&#8221;][et_pb_image src=&#8221;https:\/\/fenyveshotel.hu\/wp-content\/uploads\/2018\/06\/02.jpg&#8221; title_text=&#8221;02&#8243; align_tablet=&#8221;center&#8221; align_phone=&#8221;&#8221; align_last_edited=&#8221;on|desktop&#8221; _builder_version=&#8221;4.20.0&#8243; border_radii=&#8221;on|10px|10px|10px|10px&#8221; box_shadow_style=&#8221;preset1&#8243; global_colors_info=&#8221;{}&#8221;][\/et_pb_image][et_pb_image src=&#8221;https:\/\/fenyveshotel.hu\/wp-content\/uploads\/2018\/06\/wellness.jpg&#8221; align_tablet=&#8221;center&#8221; align_phone=&#8221;&#8221; align_last_edited=&#8221;on|desktop&#8221; _builder_version=&#8221;4.16&#8243; border_radii=&#8221;on|10px|10px|10px|10px&#8221; box_shadow_style=&#8221;preset1&#8243; global_colors_info=&#8221;{}&#8221;][\/et_pb_image][et_pb_image src=&#8221;https:\/\/fenyveshotel.hu\/wp-content\/uploads\/2018\/06\/Depositphotos_53158857_original.jpg&#8221; align_tablet=&#8221;center&#8221; align_phone=&#8221;&#8221; align_last_edited=&#8221;on|desktop&#8221; _builder_version=&#8221;4.16&#8243; border_radii=&#8221;on|10px|10px|10px|10px&#8221; box_shadow_style=&#8221;preset1&#8243; global_colors_info=&#8221;{}&#8221;][\/et_pb_image][\/et_pb_column][\/et_pb_row][et_pb_row admin_label=&#8221;\u00c1rlista&#8221; _builder_version=&#8221;4.16&#8243; background_size=&#8221;initial&#8221; background_position=&#8221;top_left&#8221; background_repeat=&#8221;repeat&#8221; collapsed=&#8221;off&#8221; global_colors_info=&#8221;{}&#8221;][et_pb_column type=&#8221;4_4&#8243; _builder_version=&#8221;4.16&#8243; custom_padding=&#8221;|||&#8221; global_colors_info=&#8221;{}&#8221; custom_padding__hover=&#8221;|||&#8221;][et_pb_text _builder_version=&#8221;4.27.4&#8243; custom_padding=&#8221;0px|||||&#8221; global_colors_info=&#8221;{}&#8221;]<\/p>\n<h3 style=\"text-align: center;\">Reduced package price<\/h3>\n<p>[\/et_pb_text][et_pb_code _builder_version=&#8221;4.27.4&#8243; global_colors_info=&#8221;{}&#8221;]\n<table id=\"tablepress-10\" class=\"tablepress tablepress-id-10 tablepress-responsive\">\n<thead>\n<tr class=\"row-1\">\n\t<th class=\"column-1\">2026. 01. 01. - 31. 03.<\/th><th class=\"column-2\">Fenyves Retro<\/th><th class=\"column-3\">Fenyves Hotel<\/th><th class=\"column-4\">2026. 01. 04. - 20. 12.<\/th><th class=\"column-5\">Fenyves Retro<\/th><th class=\"column-6\">Fenyves Hotel<\/th>\n<\/tr>\n<\/thead>\n<tbody class=\"row-striping row-hover\">\n<tr class=\"row-2\">\n\t<td class=\"column-1\">1 bed room<\/td><td class=\"column-2\">-<\/td><td class=\"column-3\">25.700 HUF \/ pers. \/ night<\/td><td class=\"column-4\">1 bed room<\/td><td class=\"column-5\">-<\/td><td class=\"column-6\">27.100 HUF \/ pers. \/ night<\/td>\n<\/tr>\n<tr class=\"row-3\">\n\t<td class=\"column-1\">2 bed room for 1 person<\/td><td class=\"column-2\">24.200 HUF \/ pers. \/ night<\/td><td class=\"column-3\">26.700 HUF \/ pers. \/ night<\/td><td class=\"column-4\">2 bed room for 1 person<\/td><td class=\"column-5\">25.700 HUF \/ pers. \/ night<\/td><td class=\"column-6\">28.100 HUF \/ pers. \/ night<\/td>\n<\/tr>\n<tr class=\"row-4\">\n\t<td class=\"column-1\">2 bed room for 2 persons<\/td><td class=\"column-2\">15.450 HUF \/ pers. \/ night<\/td><td class=\"column-3\">17.450 HUF \/ pers. \/ night<\/td><td class=\"column-4\">2 bed room for 2 persons<\/td><td class=\"column-5\">16.450 HUF \/ pers. \/ night<\/td><td class=\"column-6\">18.150 HUF \/ pers. \/ night<\/td>\n<\/tr>\n<tr class=\"row-5\">\n\t<td class=\"column-1\">2 bed room +1 extra bed<\/td><td class=\"column-2\">-<\/td><td class=\"column-3\">16.700 HUF \/ pers. \/ night<\/td><td class=\"column-4\">2 bed room +1 extra bed<\/td><td class=\"column-5\">-<\/td><td class=\"column-6\">17.500 HUF \/ pers. \/ night<\/td>\n<\/tr>\n<tr class=\"row-6\">\n\t<td class=\"column-1\">3 bed room<\/td><td class=\"column-2\">-<\/td><td class=\"column-3\">16.700 HUF \/ pers. \/ night<\/td><td class=\"column-4\">3 bed room<\/td><td class=\"column-5\">-<\/td><td class=\"column-6\">17.500 HUF \/ pers. \/ night<\/td>\n<\/tr>\n<tr class=\"row-7\">\n\t<td class=\"column-1\">4 bed room for 3 persons<\/td><td class=\"column-2\">15.000 HUF \/ pers. \/ night<\/td><td class=\"column-3\">-<\/td><td class=\"column-4\">4 bed room for 3 persons<\/td><td class=\"column-5\">15.700 HUF \/ pers. \/ night<\/td><td class=\"column-6\">-<\/td>\n<\/tr>\n<tr class=\"row-8\">\n\t<td class=\"column-1\">4 bed room for 4 persons<\/td><td class=\"column-2\">13.925 HUF \/ pers. \/ night<\/td><td class=\"column-3\">-<\/td><td class=\"column-4\">4 bed room for 4 persons<\/td><td class=\"column-5\">14.575 HUF \/ pers. \/ night<\/td><td class=\"column-6\">-<\/td>\n<\/tr>\n<\/tbody>\n<\/table>\n<!-- #tablepress-10 from cache -->[\/et_pb_code][\/et_pb_column][\/et_pb_row][et_pb_row column_structure=&#8221;1_3,1_3,1_3&#8243; admin_label=&#8221;Elv\u00e1laszt\u00f3 minta&#8221; _builder_version=&#8221;4.16&#8243; custom_margin=&#8221;||0px|&#8221; custom_padding=&#8221;||0px|&#8221; collapsed=&#8221;on&#8221; global_colors_info=&#8221;{}&#8221;][et_pb_column type=&#8221;1_3&#8243; _builder_version=&#8221;4.16&#8243; custom_padding=&#8221;|||&#8221; global_colors_info=&#8221;{}&#8221; custom_padding__hover=&#8221;|||&#8221;][\/et_pb_column][et_pb_column type=&#8221;1_3&#8243; _builder_version=&#8221;4.16&#8243; custom_padding=&#8221;|||&#8221; global_colors_info=&#8221;{}&#8221; custom_padding__hover=&#8221;|||&#8221;][et_pb_image src=&#8221;https:\/\/fenyveshotel.hu\/wp-content\/uploads\/2018\/06\/calligraphic.png&#8221; align_tablet=&#8221;center&#8221; align_phone=&#8221;&#8221; align_last_edited=&#8221;on|desktop&#8221; _builder_version=&#8221;4.16&#8243; global_colors_info=&#8221;{}&#8221;][\/et_pb_image][\/et_pb_column][et_pb_column type=&#8221;1_3&#8243; _builder_version=&#8221;4.16&#8243; custom_padding=&#8221;|||&#8221; global_colors_info=&#8221;{}&#8221; custom_padding__hover=&#8221;|||&#8221;][\/et_pb_column][\/et_pb_row][\/et_pb_section][et_pb_section fb_built=&#8221;1&#8243; admin_label=&#8221;Csabai felt\u00f6lt\u0151d\u00e9s a Fenyves Hotelben&#8221; _builder_version=&#8221;4.16&#8243; background_color=&#8221;#f3efdd&#8221; collapsed=&#8221;off&#8221; global_colors_info=&#8221;{}&#8221;][et_pb_row column_structure=&#8221;2_3,1_3&#8243; admin_label=&#8221;Csomag le\u00edr\u00e1sa&#8221; _builder_version=&#8221;4.16&#8243; background_size=&#8221;initial&#8221; background_position=&#8221;top_left&#8221; background_repeat=&#8221;repeat&#8221; collapsed=&#8221;off&#8221; global_colors_info=&#8221;{}&#8221;][et_pb_column type=&#8221;2_3&#8243; _builder_version=&#8221;4.16&#8243; custom_padding=&#8221;|||&#8221; global_colors_info=&#8221;{}&#8221; custom_padding__hover=&#8221;|||&#8221;][et_pb_text _builder_version=&#8221;4.16&#8243; global_colors_info=&#8221;{}&#8221;]<\/p>\n<h1 style=\"text-align: center;\"><span style=\"color: #993300;\">Recharge in Csaba at the Fenyves Hotel<\/span><\/h1>\n<h3 style=\"text-align: center;\">minimum stay of 2 or 3 nights<\/h3>\n<h3 style=\"text-align: center;\">exception<span style=\"color: #e02b20;\"> 2026. october 22-25.<\/span><\/h3>\n<h3 style=\"text-align: center;\">.<\/h3>\n<p>&nbsp;<\/p>\n<p><strong>Contents of the package:<\/strong><\/p>\n<p>Accommodation with breakfast, wellness for 2 or 3 nights<br \/>Half board with choice of half board menu. <strong>Meals can be served in two parts, e.g. soup, dessert from 13:00 to 15:00, main course from 18:00 to 20:30 ( Sunday 16:00 to 17:30 ).<\/strong><br \/>Wellness services from 8:00 a.m. to 10:00 p.m. (infra sauna, Finnish sauna, indoor swimming pool, indoor children&#8217;s pool, Kneipp treading pool, whirlpool<br \/>Free use of tennis courts, rackets and balls available on request<br \/>Free parking<br \/>Free unlimited Wi-Fi internet access.<\/p>\n<p>Discounts for children:<\/p>\n<p>First child under 4 years free, under 11 years 12.500 Ft \/ child \/ night in parents&#8217; room.<br \/>Second child under 10 years (under 11 years) 12.500 Ft \/ child \/ night in parents&#8217; room.<br \/>The package price does not include IFA, which is 400.- HUF \/ person \/ night for children over 18 years.<br \/>Early arrival and late departure possible by prior arrangement.<\/p>\n<div><\/div>\n<p>[\/et_pb_text][\/et_pb_column][et_pb_column type=&#8221;1_3&#8243; _builder_version=&#8221;4.16&#8243; custom_padding=&#8221;|||&#8221; global_colors_info=&#8221;{}&#8221; custom_padding__hover=&#8221;|||&#8221;][et_pb_image src=&#8221;https:\/\/fenyveshotel.hu\/wp-content\/uploads\/2018\/06\/IMG_0092.jpg&#8221; align_tablet=&#8221;center&#8221; align_phone=&#8221;&#8221; align_last_edited=&#8221;on|desktop&#8221; _builder_version=&#8221;4.16&#8243; border_radii=&#8221;on|10px|10px|10px|10px&#8221; box_shadow_style=&#8221;preset1&#8243; global_colors_info=&#8221;{}&#8221;][\/et_pb_image][et_pb_image src=&#8221;https:\/\/fenyveshotel.hu\/wp-content\/uploads\/2018\/06\/Depositphotos_13683472_original.jpg&#8221; title_text=&#8221;Girl in sauna&#8221; align_tablet=&#8221;center&#8221; align_phone=&#8221;&#8221; align_last_edited=&#8221;on|desktop&#8221; _builder_version=&#8221;4.20.0&#8243; border_radii=&#8221;on|10px|10px|10px|10px&#8221; box_shadow_style=&#8221;preset1&#8243; global_colors_info=&#8221;{}&#8221;][\/et_pb_image][et_pb_image src=&#8221;https:\/\/fenyveshotel.hu\/wp-content\/uploads\/2018\/06\/pezsgo.jpg&#8221; title_text=&#8221;pezsgo&#8221; align_tablet=&#8221;center&#8221; align_phone=&#8221;&#8221; align_last_edited=&#8221;on|desktop&#8221; _builder_version=&#8221;4.20.0&#8243; border_radii=&#8221;on|10px|10px|10px|10px&#8221; box_shadow_style=&#8221;preset1&#8243; global_colors_info=&#8221;{}&#8221;][\/et_pb_image][\/et_pb_column][\/et_pb_row][et_pb_row admin_label=&#8221;\u00c1rlista&#8221; _builder_version=&#8221;4.16&#8243; background_size=&#8221;initial&#8221; background_position=&#8221;top_left&#8221; background_repeat=&#8221;repeat&#8221; collapsed=&#8221;off&#8221; global_colors_info=&#8221;{}&#8221;][et_pb_column type=&#8221;4_4&#8243; _builder_version=&#8221;4.16&#8243; custom_padding=&#8221;|||&#8221; global_colors_info=&#8221;{}&#8221; custom_padding__hover=&#8221;|||&#8221;][et_pb_text _builder_version=&#8221;4.27.4&#8243; global_colors_info=&#8221;{}&#8221;]<\/p>\n<h3 style=\"text-align: center;\">Reduced package price<\/h3>\n<p>[\/et_pb_text][et_pb_code _builder_version=&#8221;4.27.4&#8243; global_colors_info=&#8221;{}&#8221;]\n<table id=\"tablepress-11\" class=\"tablepress tablepress-id-11 tablepress-responsive\">\n<thead>\n<tr class=\"row-1\">\n\t<th class=\"column-1\">2026. 01. 01. - 31. 03.<\/th><th class=\"column-2\">Fenyves Retro <\/th><th class=\"column-3\">Fenyves Hotel <\/th><th class=\"column-4\">2026. 01. 01. - 21. 06.<\/th><th class=\"column-5\">Fenyves Retro <\/th><th class=\"column-6\">Fenyves Hotel <\/th>\n<\/tr>\n<\/thead>\n<tbody class=\"row-striping row-hover\">\n<tr class=\"row-2\">\n\t<td class=\"column-1\">1 bed room<\/td><td class=\"column-2\"><\/td><td class=\"column-3\">26.000 HUF \/ pers. \/ night<\/td><td class=\"column-4\">1 bed room<\/td><td class=\"column-5\"><\/td><td class=\"column-6\">27.400 HUF \/ pers. \/ nigt<\/td>\n<\/tr>\n<tr class=\"row-3\">\n\t<td class=\"column-1\">2 deb room for 1 person<\/td><td class=\"column-2\">24.500 HUF \/ pers. \/ night<\/td><td class=\"column-3\">27.000 HUF \/ pers. \/ night<\/td><td class=\"column-4\">2 deb room for 1 person<\/td><td class=\"column-5\">26.000 HUF \/ pers. \/ night<\/td><td class=\"column-6\">28.400 HUF \/ pers. \/ night<\/td>\n<\/tr>\n<tr class=\"row-4\">\n\t<td class=\"column-1\">2 bed room<\/td><td class=\"column-2\">15.750 HUF \/ pers. \/ night<\/td><td class=\"column-3\">17.750 HUF \/ pers. \/ night<\/td><td class=\"column-4\">2 bed room<\/td><td class=\"column-5\">16.750 HUF \/ pers. \/ night<\/td><td class=\"column-6\">18.450 HUF \/ pers. \/ night<\/td>\n<\/tr>\n<tr class=\"row-5\">\n\t<td class=\"column-1\">2 bed room +1 extra bed<\/td><td class=\"column-2\">-<\/td><td class=\"column-3\">17.000 HUF \/ pers. \/ night<\/td><td class=\"column-4\">2 bed room +1 extra bed<\/td><td class=\"column-5\">-<\/td><td class=\"column-6\">17.800 HUF \/ pers. \/ night<\/td>\n<\/tr>\n<tr class=\"row-6\">\n\t<td class=\"column-1\">3 bed room<\/td><td class=\"column-2\">-<\/td><td class=\"column-3\">17.000 HUF \/ pers \/ night<\/td><td class=\"column-4\">3 bed room<\/td><td class=\"column-5\">-<\/td><td class=\"column-6\">17.800 HUF \/ pers \/ night<\/td>\n<\/tr>\n<tr class=\"row-7\">\n\t<td class=\"column-1\">4 bed room for 3 persons<\/td><td class=\"column-2\">15.300 HUF \/ pers. \/ night<\/td><td class=\"column-3\">-<\/td><td class=\"column-4\">4 bed room for 3 persons<\/td><td class=\"column-5\">16.000 HUF \/ pers. \/ night<\/td><td class=\"column-6\">-<\/td>\n<\/tr>\n<tr class=\"row-8\">\n\t<td class=\"column-1\">4 bed room for 4 persons<\/td><td class=\"column-2\">14.225 HUF \/ pers. \/ night<\/td><td class=\"column-3\">-<\/td><td class=\"column-4\">4 bed room for 4 persons<\/td><td class=\"column-5\">14.875 HUF \/ pers. \/ night<\/td><td class=\"column-6\">-<\/td>\n<\/tr>\n<\/tbody>\n<\/table>\n<!-- #tablepress-11 from cache -->[\/et_pb_code][\/et_pb_column][\/et_pb_row][et_pb_row column_structure=&#8221;1_3,1_3,1_3&#8243; admin_label=&#8221;Elv\u00e1laszt\u00f3 minta&#8221; _builder_version=&#8221;4.16&#8243; custom_margin=&#8221;||0px|&#8221; custom_padding=&#8221;||0px|&#8221; collapsed=&#8221;on&#8221; global_colors_info=&#8221;{}&#8221;][et_pb_column type=&#8221;1_3&#8243; _builder_version=&#8221;4.16&#8243; custom_padding=&#8221;|||&#8221; global_colors_info=&#8221;{}&#8221; custom_padding__hover=&#8221;|||&#8221;][\/et_pb_column][et_pb_column type=&#8221;1_3&#8243; _builder_version=&#8221;4.16&#8243; custom_padding=&#8221;|||&#8221; global_colors_info=&#8221;{}&#8221; custom_padding__hover=&#8221;|||&#8221;][et_pb_image src=&#8221;https:\/\/fenyveshotel.hu\/wp-content\/uploads\/2018\/06\/calligraphic.png&#8221; align_tablet=&#8221;center&#8221; align_phone=&#8221;&#8221; align_last_edited=&#8221;on|desktop&#8221; _builder_version=&#8221;4.16&#8243; global_colors_info=&#8221;{}&#8221;][\/et_pb_image][\/et_pb_column][et_pb_column type=&#8221;1_3&#8243; _builder_version=&#8221;4.16&#8243; custom_padding=&#8221;|||&#8221; global_colors_info=&#8221;{}&#8221; custom_padding__hover=&#8221;|||&#8221;][\/et_pb_column][\/et_pb_row][\/et_pb_section][et_pb_section fb_built=&#8221;1&#8243; disabled_on=&#8221;on|on|on&#8221; admin_label=&#8221;3 napos wellness pihen\u00e9s a Fenyves Hotelben&#8221; _builder_version=&#8221;4.16&#8243; background_color=&#8221;#f3efdd&#8221; disabled=&#8221;on&#8221; collapsed=&#8221;off&#8221; global_colors_info=&#8221;{}&#8221;][\/et_pb_section]<\/p>\n","protected":false},"excerpt":{"rendered":"<p>Wellness relaxation in the stormy mountains with a gift for a minimum stay of 4 nights &#8211; exception 2026. october 22-25. . \u00a0 Contents of the package: Accommodation with breakfast, wellness for a minimum of 4 nightsHalf board with choice of half board menu. Meals can be served in two parts, e.g. soup, dessert from [&hellip;]<\/p>\n","protected":false},"author":1,"featured_media":0,"parent":0,"menu_order":0,"comment_status":"closed","ping_status":"closed","template":"","meta":{"_seopress_robots_primary_cat":"","_seopress_titles_title":"","_seopress_titles_desc":"Wellness relaxation in the stormy mountains. with a gift. 02 January \u2013 28 December 2025 ( except 23-26 October ). for a minimum stay of 4 nights.","_seopress_robots_index":"","_et_pb_use_builder":"on","_et_pb_old_content":"","_et_gb_content_width":"","ngg_post_thumbnail":0,"iawp_total_views":78,"footnotes":""},"class_list":["post-2302","page","type-page","status-publish","hentry"],"_links":{"self":[{"href":"https:\/\/fenyveshotel.hu\/en\/wp-json\/wp\/v2\/pages\/2302","targetHints":{"allow":["GET"]}}],"collection":[{"href":"https:\/\/fenyveshotel.hu\/en\/wp-json\/wp\/v2\/pages"}],"about":[{"href":"https:\/\/fenyveshotel.hu\/en\/wp-json\/wp\/v2\/types\/page"}],"author":[{"embeddable":true,"href":"https:\/\/fenyveshotel.hu\/en\/wp-json\/wp\/v2\/users\/1"}],"replies":[{"embeddable":true,"href":"https:\/\/fenyveshotel.hu\/en\/wp-json\/wp\/v2\/comments?post=2302"}],"version-history":[{"count":5,"href":"https:\/\/fenyveshotel.hu\/en\/wp-json\/wp\/v2\/pages\/2302\/revisions"}],"predecessor-version":[{"id":2566,"href":"https:\/\/fenyveshotel.hu\/en\/wp-json\/wp\/v2\/pages\/2302\/revisions\/2566"}],"wp:attachment":[{"href":"https:\/\/fenyveshotel.hu\/en\/wp-json\/wp\/v2\/media?parent=2302"}],"curies":[{"name":"wp","href":"https:\/\/api.w.org\/{rel}","templated":true}]}}