{"id":2252,"date":"2018-05-31T18:12:28","date_gmt":"2018-05-31T16:12:28","guid":{"rendered":"https:\/\/fenyveshotel.hu\/kapcsolat\/"},"modified":"2025-02-14T13:18:57","modified_gmt":"2025-02-14T12:18:57","slug":"contact","status":"publish","type":"page","link":"https:\/\/fenyveshotel.hu\/en\/contact\/","title":{"rendered":"Contact"},"content":{"rendered":"<p>[et_pb_section fb_built=&#8221;1&#8243; _builder_version=&#8221;4.16&#8243; background_color=&#8221;#f3efdd&#8221; global_colors_info=&#8221;{}&#8221;][et_pb_row column_structure=&#8221;1_2,1_2&#8243; _builder_version=&#8221;4.16&#8243; background_size=&#8221;initial&#8221; background_position=&#8221;top_left&#8221; background_repeat=&#8221;repeat&#8221; global_colors_info=&#8221;{}&#8221;][et_pb_column type=&#8221;1_2&#8243; _builder_version=&#8221;4.16&#8243; custom_padding=&#8221;|||&#8221; global_colors_info=&#8221;{}&#8221; custom_padding__hover=&#8221;|||&#8221;][et_pb_text _builder_version=&#8221;4.27.2&#8243; hover_enabled=&#8221;0&#8243; global_colors_info=&#8221;{}&#8221; sticky_enabled=&#8221;0&#8243;]<\/p>\n<h1>How to reach the hotel:<\/h1>\n<p style=\"text-align: justify;\">From <strong>Budapest, Szeged, Debrecen<\/strong> on the bypass road, take the first exit of the roundabout at the Orlen petrol station towards the centre, then turn left in front of the CBA warehouse on K\u00f6rte row. After about 1 km, turn left again towards Lencs\u00e9si \u00fat. At the end of this section, turn left again at the beginning of Magyar utca and continue for 300 metres until you reach the hotel.<\/p>\n<p style=\"text-align: justify;\">Coming from <strong>Gyula <\/strong>(12 km, connected to the four-lane road), take the third exit of the roundabout at the Orlen petrol station towards the centre, then turn left before the CBA warehouse onto K\u00f6rte row. After about 1 km, turn left again towards Lencs\u00e9si \u00fat. At the end of this section, turn left again at the beginning of Magyar utca and continue for 300 metres to reach the hotel.<\/p>\n<p style=\"text-align: justify;\">If you are using a <strong>GPS <\/strong>device, you will arrive at the hotel car park by entering the following coordinates: latitude 46.6673\u00b0 N, longitude 21.1337\u00b0 E. If the device is not able to search for coordinates, then you have to enter Magyar Street, then turn left when you reach your destination, and from here you can reach the hotel after 300 metres.A third option is to search for Fenyves Hotel B\u00e9k\u00e9scsaba or Fenyves Wellness Hotel B\u00e9k\u00e9scsaba among the points of interest or POIs. In GPS, do not search for the official address of the hotel, as the parcel number cannot be interpreted by navigation programs.<\/p>\n<p style=\"text-align: justify;\">Guests arriving <strong>by train or long-distance bus<\/strong> can also reach the hotel by local bus (7, 17).<\/p>\n<p>[\/et_pb_text][\/et_pb_column][et_pb_column type=&#8221;1_2&#8243; _builder_version=&#8221;4.16&#8243; custom_padding=&#8221;|||&#8221; global_colors_info=&#8221;{}&#8221; custom_padding__hover=&#8221;|||&#8221;][et_pb_text _builder_version=&#8221;4.27.2&#8243; global_colors_info=&#8221;{}&#8221;]<\/p>\n<h1>Contact:<\/h1>\n<p>5600 B\u00e9k\u00e9scsaba, Ifj\u00fas\u00e1gi t\u00e1bor 1701. hrsz. Phone\/Fax: +36 66 457-377, +36 66 456-126 E-mail: <a href=\"mailto:info@fenyveshotel.hu\">info@fenyveshotel.hu<\/a>GPS: 46.6673\u00b0N, 21.1337\u00b0E[\/et_pb_text][et_pb_image src=&#8221;https:\/\/fenyveshotel.hu\/wp-content\/uploads\/2018\/06\/terkep-fenyves-hotel-bekescsaba.jpg&#8221; url=&#8221;https:\/\/www.google.hu\/maps\/place\/Fenyves+Wellness+Hotel+%C3%A9s+%C3%89tterem+B%C3%A9k%C3%A9scsaba\/@46.6670884,21.1338289,15z\/data=!4m2!3m1!1s0x0:0x351b643527f6cdba?sa=X&#038;ved=0ahUKEwjXqciS_MDbAhWoyKYKHaCxB3IQ_BII1wEwCg&#8221; url_new_window=&#8221;on&#8221; align_tablet=&#8221;center&#8221; align_phone=&#8221;center&#8221; align_last_edited=&#8221;on|desktop&#8221; _builder_version=&#8221;4.16&#8243; border_radii=&#8221;on|10px|10px|10px|10px&#8221; box_shadow_style=&#8221;preset1&#8243; global_colors_info=&#8221;{}&#8221;][\/et_pb_image][\/et_pb_column][\/et_pb_row][\/et_pb_section]<\/p>\n","protected":false},"excerpt":{"rendered":"<p>How to reach the hotel: From Budapest, Szeged, Debrecen on the bypass road, take the first exit of the roundabout at the Orlen petrol station towards the centre, then turn left in front of the CBA warehouse on K\u00f6rte row. After about 1 km, turn left again towards Lencs\u00e9si \u00fat. At the end of this [&hellip;]<\/p>\n","protected":false},"author":1,"featured_media":0,"parent":0,"menu_order":0,"comment_status":"closed","ping_status":"closed","template":"","meta":{"_seopress_robots_primary_cat":"","_seopress_titles_title":"","_seopress_titles_desc":"How to reach the hotel: From Budapest, Szeged, Debrecen on the bypass road, take the first exit of the roundabout at the Orlen petrol station towards the ...","_seopress_robots_index":"","_et_pb_use_builder":"on","_et_pb_old_content":"","_et_gb_content_width":"","ngg_post_thumbnail":0,"iawp_total_views":101,"footnotes":""},"class_list":["post-2252","page","type-page","status-publish","hentry"],"_links":{"self":[{"href":"https:\/\/fenyveshotel.hu\/en\/wp-json\/wp\/v2\/pages\/2252","targetHints":{"allow":["GET"]}}],"collection":[{"href":"https:\/\/fenyveshotel.hu\/en\/wp-json\/wp\/v2\/pages"}],"about":[{"href":"https:\/\/fenyveshotel.hu\/en\/wp-json\/wp\/v2\/types\/page"}],"author":[{"embeddable":true,"href":"https:\/\/fenyveshotel.hu\/en\/wp-json\/wp\/v2\/users\/1"}],"replies":[{"embeddable":true,"href":"https:\/\/fenyveshotel.hu\/en\/wp-json\/wp\/v2\/comments?post=2252"}],"version-history":[{"count":3,"href":"https:\/\/fenyveshotel.hu\/en\/wp-json\/wp\/v2\/pages\/2252\/revisions"}],"predecessor-version":[{"id":2257,"href":"https:\/\/fenyveshotel.hu\/en\/wp-json\/wp\/v2\/pages\/2252\/revisions\/2257"}],"wp:attachment":[{"href":"https:\/\/fenyveshotel.hu\/en\/wp-json\/wp\/v2\/media?parent=2252"}],"curies":[{"name":"wp","href":"https:\/\/api.w.org\/{rel}","templated":true}]}}