{"id":1955,"date":"2023-09-14T13:39:42","date_gmt":"2023-09-14T13:39:42","guid":{"rendered":"https:\/\/fenyveshotel.hu\/?page_id=1955"},"modified":"2023-09-14T13:43:35","modified_gmt":"2023-09-14T13:43:35","slug":"ginop-9_1_1-21","status":"publish","type":"page","link":"https:\/\/fenyveshotel.hu\/en\/ginop-9_1_1-21\/","title":{"rendered":"GINOP-9.1.1-21 p\u00e1ly\u00e1zat"},"content":{"rendered":"<p>[et_pb_section fb_built=&#8221;1&#8243; _builder_version=&#8221;4.22.1&#8243; _module_preset=&#8221;default&#8221; global_colors_info=&#8221;{}&#8221;][et_pb_row _builder_version=&#8221;4.22.1&#8243; _module_preset=&#8221;default&#8221; hover_enabled=&#8221;0&#8243; global_colors_info=&#8221;{}&#8221; module_alignment=&#8221;center&#8221; sticky_enabled=&#8221;0&#8243;][et_pb_column type=&#8221;4_4&#8243; _builder_version=&#8221;4.22.1&#8243; _module_preset=&#8221;default&#8221; global_colors_info=&#8221;{}&#8221;][et_pb_image src=&#8221;https:\/\/fenyveshotel.hu\/wp-content\/uploads\/2023\/09\/ginop_9_1_1_21_d.png&#8221; _builder_version=&#8221;4.22.1&#8243; _module_preset=&#8221;default&#8221; width=&#8221;100%&#8221; module_alignment=&#8221;center&#8221; hover_enabled=&#8221;0&#8243; global_colors_info=&#8221;{}&#8221; align=&#8221;center&#8221; sticky_enabled=&#8221;0&#8243; border_radii=&#8221;on|15px|15px|15px|15px&#8221; border_width_all=&#8221;1px&#8221; border_color_all=&#8221;#f4f4f4&#8243;][\/et_pb_image][\/et_pb_column][\/et_pb_row][\/et_pb_section]<\/p>\n","protected":false},"excerpt":{"rendered":"","protected":false},"author":1,"featured_media":0,"parent":0,"menu_order":0,"comment_status":"closed","ping_status":"closed","template":"","meta":{"_seopress_robots_primary_cat":"","_seopress_titles_title":"","_seopress_titles_desc":"","_seopress_robots_index":"","_et_pb_use_builder":"on","_et_pb_old_content":"[et_pb_section fb_built=\"1\" _builder_version=\"4.16\" background_color=\"#f3efdd\" global_colors_info=\"{}\"][et_pb_row _builder_version=\"4.16\" custom_margin=\"0px|||\" custom_padding=\"0px|||\" global_colors_info=\"{}\"][et_pb_column type=\"4_4\" _builder_version=\"4.16\" custom_padding=\"|||\" global_colors_info=\"{}\" custom_padding__hover=\"|||\"][et_pb_code _builder_version=\"4.16\" global_colors_info=\"{}\"][smartslider3 slider=1][\/et_pb_code][et_pb_text _builder_version=\"4.16\" custom_margin=\"20px|||\" custom_padding=\"31px|||||\" global_colors_info=\"{}\"]<h1 style=\"text-align: center;\">Nyugalom szigete a viharsarokban:<\/h1>\r\n<h2 style=\"text-align: center;\"><strong>Fenyves Wellness Hotel ***<\/strong><\/h2>[\/et_pb_text][\/et_pb_column][\/et_pb_row][et_pb_row column_structure=\"1_2,1_2\" _builder_version=\"4.16\" background_size=\"initial\" background_position=\"top_left\" background_repeat=\"repeat\" global_colors_info=\"{}\"][et_pb_column type=\"1_2\" _builder_version=\"4.16\" custom_padding=\"|||\" global_colors_info=\"{}\" custom_padding__hover=\"|||\"][et_pb_image src=\"https:\/\/fenyveshotel.hu\/wp-content\/uploads\/2018\/06\/02b.jpg\" align_tablet=\"center\" align_phone=\"center\" align_last_edited=\"on|desktop\" _builder_version=\"4.16\" border_radii=\"on|10px|10px|10px|10px\" box_shadow_style=\"preset1\" global_colors_info=\"{}\"][\/et_pb_image][\/et_pb_column][et_pb_column type=\"1_2\" _builder_version=\"4.16\" custom_padding=\"|||\" global_colors_info=\"{}\" custom_padding__hover=\"|||\"][et_pb_text _builder_version=\"4.16\" global_colors_info=\"{}\"]<p style=\"text-align: justify;\">B\u00e9k\u00e9scsaba kertv\u00e1rosi r\u00e9sz\u00e9ben, egyed\u00fcl\u00e1ll\u00f3 term\u00e9szeti k\u00f6rnyezetben helyezkedik el a Fenyves Wellness Hotel***.<\/p>\r\n<p style=\"text-align: justify;\">A csal\u00e1dias hangulat\u00fa sz\u00e1lloda sz\u00e9les k\u00f6r\u0171 szolg\u00e1ltat\u00e1sokkal v\u00e1rja Kedves Vend\u00e9geit egy t\u00f6bb hekt\u00e1ros erd\u0151vel \u00f6vezett ter\u00fcleten, melyet egyik oldalr\u00f3l a v\u00e1roson kereszt\u00fcl foly\u00f3 \u00c9l\u0151v\u00edz csatorna hat\u00e1rol. Az erd\u0151 nagy r\u00e9sz\u00e9t feny\u0151f\u00e9l\u00e9k alkotj\u00e1k, innen ered a Hotel elnevez\u00e9se. A t\u00fcrelmes szeml\u00e9l\u0151d\u0151 nem ritk\u00e1n szembetal\u00e1lja mag\u00e1t a f\u00e1k k\u00f6z\u00f6tt (id\u0151nk\u00e9nt a parkol\u00f3ban) vid\u00e1man ugr\u00e1ndoz\u00f3 m\u00f3kusokkal, illetve f\u0151k\u00e9nt t\u00e9len, mikor h\u00f3 fedi a t\u00e1jat az el\u0151mer\u00e9szked\u0151, a k\u00f6zelben \u00e9l\u0151 \u0151zcsal\u00e1ddal.<\/p>\r\nNagy szeretettel v\u00e1rjuk, legyen sz\u00f3 ak\u00e1r wellness pihen\u00e9sr\u0151l, esk\u00fcv\u0151r\u0151l, csal\u00e1di, bar\u00e1ti rendezv\u00e9nyr\u0151l, konferenci\u00e1r\u00f3l, \u00fczleti tal\u00e1lkoz\u00f3r\u00f3l, vagy ha csak utaz\u00e1sa egyik \u00e1llom\u00e1sak\u00e9nt \u00e9rinti v\u00e1rosunkat.\r\n[\/et_pb_text][\/et_pb_column][\/et_pb_row][\/et_pb_section]","_et_gb_content_width":"","ngg_post_thumbnail":0,"iawp_total_views":0,"footnotes":""},"class_list":["post-1955","page","type-page","status-publish","hentry"],"_links":{"self":[{"href":"https:\/\/fenyveshotel.hu\/en\/wp-json\/wp\/v2\/pages\/1955","targetHints":{"allow":["GET"]}}],"collection":[{"href":"https:\/\/fenyveshotel.hu\/en\/wp-json\/wp\/v2\/pages"}],"about":[{"href":"https:\/\/fenyveshotel.hu\/en\/wp-json\/wp\/v2\/types\/page"}],"author":[{"embeddable":true,"href":"https:\/\/fenyveshotel.hu\/en\/wp-json\/wp\/v2\/users\/1"}],"replies":[{"embeddable":true,"href":"https:\/\/fenyveshotel.hu\/en\/wp-json\/wp\/v2\/comments?post=1955"}],"version-history":[{"count":5,"href":"https:\/\/fenyveshotel.hu\/en\/wp-json\/wp\/v2\/pages\/1955\/revisions"}],"predecessor-version":[{"id":1965,"href":"https:\/\/fenyveshotel.hu\/en\/wp-json\/wp\/v2\/pages\/1955\/revisions\/1965"}],"wp:attachment":[{"href":"https:\/\/fenyveshotel.hu\/en\/wp-json\/wp\/v2\/media?parent=1955"}],"curies":[{"name":"wp","href":"https:\/\/api.w.org\/{rel}","templated":true}]}}